{"id":2,"date":"2009-09-27T21:15:22","date_gmt":"2009-09-27T19:15:22","guid":{"rendered":"http:\/\/7ec043f9251e8cc2ade682cd9369870f31360207.web6.temporaryurl.org\/?page_id=2"},"modified":"2025-07-14T19:47:48","modified_gmt":"2025-07-14T17:47:48","slug":"om","status":"publish","type":"page","link":"https:\/\/www.dalton-banden.dk\/","title":{"rendered":""},"content":{"rendered":"<p><img loading=\"lazy\" decoding=\"async\" class=\"alignnone size-full wp-image-3\" title=\"dalton\" src=\"https:\/\/www.dalton-banden.dk\/wp-content\/uploads\/2009\/09\/dalton.jpg\" alt=\"dalton\" width=\"300\" height=\"300\" srcset=\"https:\/\/www.dalton-banden.dk\/wp-content\/uploads\/2009\/09\/dalton.jpg 300w, https:\/\/www.dalton-banden.dk\/wp-content\/uploads\/2009\/09\/dalton-150x150.jpg 150w\" sizes=\"auto, (max-width: 300px) 100vw, 300px\" \/><\/p>\n<p>&#8211; k\u00f8reklub for RD 350 og ligesindede !<\/p>\n<p>Har du en Yamaha RD 350 eller en mc, der matcher RD 350 ?<\/p>\n<p>Kunne du t\u00e6nke dig nogen at f\u00f8lges med for sjov ?<\/p>\n<p>S\u00e5 bliv medlem af Dalton Banden !<\/p>\n","protected":false},"excerpt":{"rendered":"<p>&#8211; k\u00f8reklub for RD 350 og ligesindede ! Har du en Yamaha RD 350 eller en mc, der matcher RD 350 ? Kunne du t\u00e6nke dig nogen at f\u00f8lges med for sjov ? S\u00e5 bliv medlem af Dalton Banden !<\/p>\n","protected":false},"author":1,"featured_media":0,"parent":0,"menu_order":0,"comment_status":"open","ping_status":"open","template":"","meta":{"footnotes":"","_links_to":"","_links_to_target":""},"class_list":["post-2","page","type-page","status-publish","hentry"],"_links":{"self":[{"href":"https:\/\/www.dalton-banden.dk\/index.php?rest_route=\/wp\/v2\/pages\/2","targetHints":{"allow":["GET"]}}],"collection":[{"href":"https:\/\/www.dalton-banden.dk\/index.php?rest_route=\/wp\/v2\/pages"}],"about":[{"href":"https:\/\/www.dalton-banden.dk\/index.php?rest_route=\/wp\/v2\/types\/page"}],"author":[{"embeddable":true,"href":"https:\/\/www.dalton-banden.dk\/index.php?rest_route=\/wp\/v2\/users\/1"}],"replies":[{"embeddable":true,"href":"https:\/\/www.dalton-banden.dk\/index.php?rest_route=%2Fwp%2Fv2%2Fcomments&post=2"}],"version-history":[{"count":16,"href":"https:\/\/www.dalton-banden.dk\/index.php?rest_route=\/wp\/v2\/pages\/2\/revisions"}],"predecessor-version":[{"id":2449,"href":"https:\/\/www.dalton-banden.dk\/index.php?rest_route=\/wp\/v2\/pages\/2\/revisions\/2449"}],"wp:attachment":[{"href":"https:\/\/www.dalton-banden.dk\/index.php?rest_route=%2Fwp%2Fv2%2Fmedia&parent=2"}],"curies":[{"name":"wp","href":"https:\/\/api.w.org\/{rel}","templated":true}]}}