{"id":35,"date":"2009-09-28T10:49:05","date_gmt":"2009-09-28T08:49:05","guid":{"rendered":"http:\/\/www.dalton-banden.dk\/?page_id=35"},"modified":"2017-10-25T12:16:53","modified_gmt":"2017-10-25T10:16:53","slug":"hvilke-mcer-matcher-rd-350","status":"publish","type":"page","link":"https:\/\/www.dalton-banden.dk\/?page_id=35","title":{"rendered":"Hvilke MC&#8217;er matcher RD 350 ?"},"content":{"rendered":"<p>Vi har lige siden klubbens start i 2004 haft en \u00f8vre (og nedre) gr\u00e6nse for, hvor store \/ kraftige mc&#8217;er vi \u00f8nskede at have med &#8211; ca. fra 30-100 hk<br \/>\nOmdrejnings- \/ udgangspunktet er Yamaha RD 350 og vi har kun \u00f8nsket mc&#8217;er med, der ville v\u00e6re sjove, interessante for den at f\u00f8lges med&#8230;<br \/>\nVi gider ikke motorvej eller alt for mange store, brede, lige veje, s\u00e5 h\u00f8jhastigheds-mc&#8217;er blev udelukket med det samme &#8211; store cruisere, touringbikes, Harleyer o lign liges\u00e5.<br \/>\nVi dyrker sm\u00e5vejs sports- og hyggecruise og vil n\u00f8dig v\u00e6re for uenige om hvilke typer veje, vi skal v\u00e6lge.<\/p>\n<p>Har du en af nedenst\u00e5ende mc&#8217;er er du velkommen i vores (landsd\u00e6kkende) k\u00f8reklub.<br \/>\n&#8211; andre mc&#8217;er kan evt. komme p\u00e5 tale &#8211; skriv og sp\u00f8rg, hvis din mc ikke st\u00e5r p\u00e5 listen og du mener den matcher Yamaha RD 350<\/p>\n<p><strong>Yamaha<\/strong><br \/>\nRD 250-500<br \/>\nTDR 250<br \/>\nTZR 250<br \/>\nR3<br \/>\nMT-03 \/ 07<br \/>\nXJ 550-900<br \/>\nXS 400-750<br \/>\nXZ 550<br \/>\nSR 500<br \/>\nSZR 660<br \/>\nFZR 400 RR<br \/>\nFZ6 (78 hk)<br \/>\nFZ 600 \/ 750<br \/>\nTRX 850<\/p>\n<p><strong>Suzuki<\/strong><br \/>\nGT 250-750<br \/>\nRG 250 \/ 500<br \/>\nRGV 250<br \/>\nGS 450-750 E<br \/>\nGSX 400-750<br \/>\nGSX-R 250-750 (max 100 hk)<br \/>\nGSF 400-650 Bandit<br \/>\nRF 400-600 R<br \/>\nSV 650<br \/>\nVX 800<\/p>\n<p><strong>Honda<\/strong><br \/>\nMVX 250 F<br \/>\nNSR 250, NS 400 R<br \/>\nNTV 650 \/ Bros 650<br \/>\nFT 500<br \/>\nCX 500, 650 E<br \/>\nCB 400 N<br \/>\nCB 400-900 F<br \/>\nCB 450 S \/ 500 S<br \/>\nCBF 500<br \/>\nCBX 400-750 F<br \/>\nCBR 250-600 (max 93 hk)<br \/>\nVF 500-750 F<br \/>\nVFR 400 R<br \/>\nRVF 400<\/p>\n<p><strong>Kawasaki<\/strong><br \/>\nKR 1S<br \/>\nKH 350-750<br \/>\nER5, ER6, Z 650<br \/>\nVersys<br \/>\nGPZ 500 S-750 R<br \/>\nGPX 600 R<br \/>\nNinja 250\/300 R<br \/>\nZZ-R 250<br \/>\nZ 400-750<br \/>\nZXR 400<\/p>\n<p><strong>Aprilia<\/strong><br \/>\nRS 125 \/ 250<\/p>\n<p><strong>KTM<\/strong><br \/>\n390 Duke \/ RC<\/p>\n<p><strong>Hyosung<\/strong><br \/>\nGT 650<\/p>\n<p><strong>BMW<\/strong><br \/>\nR 45-80<\/p>\n<p><strong>Cagiva<\/strong><br \/>\n650 Raptor<\/p>\n<p><strong>Ducati<\/strong><br \/>\n500 Phantah<br \/>\n620 \/ 695 Monster<br \/>\n860 GTS<\/p>\n<p><strong>Moto Guzzi<\/strong><br \/>\nV 50 \/ V 65 Lario<br \/>\n850 Le Mans<\/p>\n<p><strong>Laverda<\/strong><br \/>\n500<\/p>\n<p><strong>Morini<\/strong><br \/>\n350 \/ 500<\/p>\n<p><strong>MV Agusta<\/strong><br \/>\n350 Sport \/ 750<\/p>\n<p><strong>Benelli<\/strong><br \/>\n500 LS<br \/>\n504 Sport<\/p>\n","protected":false},"excerpt":{"rendered":"<p>Vi har lige siden klubbens start i 2004 haft en \u00f8vre (og nedre) gr\u00e6nse for, hvor store \/ kraftige mc&#8217;er vi \u00f8nskede at have med &#8211; ca. fra 30-100 hk Omdrejnings- \/ udgangspunktet er Yamaha RD 350 og vi har kun \u00f8nsket mc&#8217;er med, der ville v\u00e6re sjove, interessante for den at f\u00f8lges med&#8230; Vi [&hellip;]<\/p>\n","protected":false},"author":2,"featured_media":0,"parent":0,"menu_order":26,"comment_status":"open","ping_status":"open","template":"","meta":{"footnotes":"","_links_to":"","_links_to_target":""},"class_list":["post-35","page","type-page","status-publish","hentry"],"_links":{"self":[{"href":"https:\/\/www.dalton-banden.dk\/index.php?rest_route=\/wp\/v2\/pages\/35","targetHints":{"allow":["GET"]}}],"collection":[{"href":"https:\/\/www.dalton-banden.dk\/index.php?rest_route=\/wp\/v2\/pages"}],"about":[{"href":"https:\/\/www.dalton-banden.dk\/index.php?rest_route=\/wp\/v2\/types\/page"}],"author":[{"embeddable":true,"href":"https:\/\/www.dalton-banden.dk\/index.php?rest_route=\/wp\/v2\/users\/2"}],"replies":[{"embeddable":true,"href":"https:\/\/www.dalton-banden.dk\/index.php?rest_route=%2Fwp%2Fv2%2Fcomments&post=35"}],"version-history":[{"count":10,"href":"https:\/\/www.dalton-banden.dk\/index.php?rest_route=\/wp\/v2\/pages\/35\/revisions"}],"predecessor-version":[{"id":2112,"href":"https:\/\/www.dalton-banden.dk\/index.php?rest_route=\/wp\/v2\/pages\/35\/revisions\/2112"}],"wp:attachment":[{"href":"https:\/\/www.dalton-banden.dk\/index.php?rest_route=%2Fwp%2Fv2%2Fmedia&parent=35"}],"curies":[{"name":"wp","href":"https:\/\/api.w.org\/{rel}","templated":true}]}}