{"id":8,"date":"2009-09-27T22:30:22","date_gmt":"2009-09-27T20:30:22","guid":{"rendered":"http:\/\/www.dalton-banden.dk\/?page_id=8"},"modified":"2025-08-11T19:56:21","modified_gmt":"2025-08-11T17:56:21","slug":"lidt-om-klubben","status":"publish","type":"page","link":"https:\/\/www.dalton-banden.dk\/?page_id=8","title":{"rendered":"Dalton Banden MC &#8211; Info"},"content":{"rendered":"<p><strong>Dalton Banden MC &#8211; Hvad og Hvorfor?<br \/>\n<\/strong><\/p>\n<p>Ideen til at lave en mc-klub, der er baseret p\u00e5 mc\u2019er, der matcher Yamaha RD 350 i ydelse og k\u00f8reegenskaber, blev f\u00f8dt af Joe \/ undertegnede i okt 2004 \u2013 efter at 3 gutter (Burger, Killer &amp; Joe) i 5-6 timer en eftermiddag p\u00e5 nogle sm\u00e5veje Syd for \u00c5lborg bare havde haft det S\u00c5 sjovt sammen p\u00e5 vores RD&#8217;ere.<br \/>\nDet skulle simpelthen pr\u00f8ves igen &#8211; og igen &#8211; sammen med andre &#8211; flere ad gangen &#8211; og for at det skal kunne blive lige s\u00e5 sjovt igen, er mc&#8217;erne n\u00f8dt til at matche hinanden rimelig godt. Ikke mindst pga. at forskellige typer og st\u00f8rrelse af mc&#8217;er jo ofte \u00f8nsker at k\u00f8re p\u00e5 forskellige typer af veje &#8211; i vidt forskelligt tempo. Ikke optimalt.<br \/>\nS\u00e5 &#8220;k\u00f8reklub&#8221;, &#8220;matchmaking&#8221; og &#8220;sm\u00e5veje&#8221; var kodeordene fra starten.<\/p>\n<p>Vi afgr\u00e6nsede klubterrioriet fra Skagen til \u00c5rhus, s\u00e5 vi havde en chance for at kunne m\u00f8des p\u00e5 vores relativt sm\u00e5 mc&#8217;er.. &#8211; og vi troede ikke at der fandtes RD&#8217;ere nok i det omr\u00e5de til at lave en klub (men vi blev klogere), s\u00e5 vi lavede en liste over, hvilke mc&#8217;er vi mente der matchede RD 350 i ydelse, k\u00f8reegenskaber osv. (se nederst i oversigten tv.) og satte ejerskab af en af de mc&#8217;er som betingelse for medlemskab.<\/p>\n<p>I 2005 var der s\u00e5 en fra Fyn der \u00f8nskede at melde sig ind med sin RD 350&#8230; og s\u00e5 besluttede vi at g\u00f8re klubben landsd\u00e6kkende, pga. det sj\u00e6ldne ved RD 350 og det fede ved kontakt til andre med RD&#8217;ere&#8230;<\/p>\n<p>Siden 2004 har jeg og min prim\u00e6re k\u00f8remakker, Killer, k\u00f8rt med omkring 60 Daltons p\u00e5 ture i hele DK.<\/p>\n<p>Pt 49 mc&#8217;er i alt, 38 totaktere, heraf 24 RD&#8217;ere &#8211; 40 medlemmer.<\/p>\n<p>4 afdelinger \/ chapters:<br \/>\nNord-, Midt- og S\u00f8nderjylland, Fyn, Sj\u00e6lland.<\/p>\n<p>Hver afd. laver egne lokale ture, hvis de gider<\/p>\n<p>Vi har m\u00f8dtes til andres arr. &#8211; f.eks. Tr\u00e6f p\u00e5 Toppen, Fyns MC festival, RR p\u00e5 Ring Djursland, Mosten race day, Bakke\u00e5bning mm.<\/p>\n<p>I 2016 var nogle af os en tur p\u00e5 Ring Knutstorp i Sverige. On-boardvideo med undertegnede kan findes i linksamling nederst tv<\/p>\n<p>Vi optager kun medlemmer fra Danmark &#8211; excl. Bornholm og F\u00e6r\u00f8erne, da vi er en k\u00f8reklub, f\u00f8rst og fremmest og det er meningen at vi skal kunne m\u00f8des uden det store besv\u00e6r.<\/p>\n<p>Indbyrdes kontakt i klubben foreg\u00e5r i en lukket gruppe p\u00e5 Facebook.<br \/>\nIkke-medlemmer kan skrive til klubben via &#8220;Kontakt&#8221; i oversigten<\/p>\n<p>Ingen kontingent for at v\u00e6re medlem.<br \/>\nIngen m\u00f8depligt til f\u00e6llesture eller andet<br \/>\nBare godt hum\u00f8r og en mc, der matcher Yamaha RD 350<br \/>\n(Se: &#8220;Hvilke mc&#8217;er matcher RD 350?&#8221; i oversigt tv.)<\/p>\n<p><strong>Adf\u00e6rd p\u00e5 MC i Dalton Banden MC<\/strong><\/p>\n<p>RD 350 er (som alle ved) en lille hidsigprop &#8211; perfekt til at bizze p\u00e5 sm\u00e5veje og lave godt med r\u00f8g i gaden \u2013 s\u00e5 det kan simpelthen ikke undg\u00e5s at der g\u00e5r lidt ballade i den.<\/p>\n<p>Det kan godt v\u00e6re sv\u00e6rt at tage det stille og roligt, n\u00e5r 5-6 stks. f\u00f8lges p\u00e5 sm\u00e5 2-taktere.. \u2013 men s\u00e5 k\u00f8rer vi bare ud p\u00e5 de helt sm\u00e5 veje (langt ude p\u00e5 landet), hvor det (omtrent) kan lade sig g\u00f8re at overholde hastighedsbegr\u00e6nsningerne, samtidig med at vi k\u00f8rer sportscruise \/ sm\u00e5r\u00e6s<\/p>\n<p>Det skal v\u00e6re sjovt for alle, s\u00e5 tempoet bliver (fors\u00f8gt) afpasset, s\u00e5 alle kan f\u00f8lge med<\/p>\n<p>Af og til dovnecruiser vi bare derudaf &#8211; og det er RD 350 ogs\u00e5 udm\u00e6rket til &#8211; bare ikke for l\u00e6nge ad gangen&#8230;<\/p>\n<p><strong>Dalton-Aktiviteter<br \/>\n<\/strong><\/p>\n<p>Vi har ikke selv noget tr\u00e6f eller lign. arrangementer (endnu) \u2013 nasser 100 % p\u00e5 andres.<br \/>\nMange billeder fra Dalton-meetings \/ f\u00e6llesture\u00a0 kan ses i &#8220;Dalton meetings&#8221; (se oversigt tv)<\/p>\n","protected":false},"excerpt":{"rendered":"<p>Dalton Banden MC &#8211; Hvad og Hvorfor? Ideen til at lave en mc-klub, der er baseret p\u00e5 mc\u2019er, der matcher Yamaha RD 350 i ydelse og k\u00f8reegenskaber, blev f\u00f8dt af Joe \/ undertegnede i okt 2004 \u2013 efter at 3 gutter (Burger, Killer &amp; Joe) i 5-6 timer en eftermiddag p\u00e5 nogle sm\u00e5veje Syd for [&hellip;]<\/p>\n","protected":false},"author":2,"featured_media":0,"parent":0,"menu_order":1,"comment_status":"open","ping_status":"open","template":"","meta":{"footnotes":"","_links_to":"","_links_to_target":""},"class_list":["post-8","page","type-page","status-publish","hentry"],"_links":{"self":[{"href":"https:\/\/www.dalton-banden.dk\/index.php?rest_route=\/wp\/v2\/pages\/8","targetHints":{"allow":["GET"]}}],"collection":[{"href":"https:\/\/www.dalton-banden.dk\/index.php?rest_route=\/wp\/v2\/pages"}],"about":[{"href":"https:\/\/www.dalton-banden.dk\/index.php?rest_route=\/wp\/v2\/types\/page"}],"author":[{"embeddable":true,"href":"https:\/\/www.dalton-banden.dk\/index.php?rest_route=\/wp\/v2\/users\/2"}],"replies":[{"embeddable":true,"href":"https:\/\/www.dalton-banden.dk\/index.php?rest_route=%2Fwp%2Fv2%2Fcomments&post=8"}],"version-history":[{"count":98,"href":"https:\/\/www.dalton-banden.dk\/index.php?rest_route=\/wp\/v2\/pages\/8\/revisions"}],"predecessor-version":[{"id":2482,"href":"https:\/\/www.dalton-banden.dk\/index.php?rest_route=\/wp\/v2\/pages\/8\/revisions\/2482"}],"wp:attachment":[{"href":"https:\/\/www.dalton-banden.dk\/index.php?rest_route=%2Fwp%2Fv2%2Fmedia&parent=8"}],"curies":[{"name":"wp","href":"https:\/\/api.w.org\/{rel}","templated":true}]}}